{"id":1318,"date":"2025-05-23T12:57:17","date_gmt":"2025-05-23T12:57:17","guid":{"rendered":"https:\/\/elamanikennel.fi\/wp\/home-2\/"},"modified":"2025-06-16T11:01:15","modified_gmt":"2025-06-16T11:01:15","slug":"home-2","status":"publish","type":"page","link":"https:\/\/elamanikennel.fi\/wp\/","title":{"rendered":"Koti"},"content":{"rendered":"\t\t<div data-elementor-type=\"wp-page\" data-elementor-id=\"1318\" class=\"elementor elementor-1318\">\n\t\t\t\t<div class=\"elementor-element elementor-element-9e1a3b7 e-flex e-con-boxed e-con e-parent\" data-id=\"9e1a3b7\" data-element_type=\"container\" data-e-type=\"container\" data-settings=\"{&quot;background_background&quot;:&quot;classic&quot;}\">\n\t\t\t\t\t<div class=\"e-con-inner\">\n\t\t<div class=\"elementor-element elementor-element-8f73ee5 e-con-full e-flex e-con e-child\" data-id=\"8f73ee5\" data-element_type=\"container\" data-e-type=\"container\">\n\t\t\t\t<div class=\"elementor-element elementor-element-fa00654 e-transform elementor-widget elementor-widget-heading\" data-id=\"fa00654\" data-element_type=\"widget\" data-e-type=\"widget\" data-settings=\"{&quot;_animation&quot;:&quot;none&quot;,&quot;_animation_delay&quot;:0,&quot;_transform_rotateZ_effect&quot;:{&quot;unit&quot;:&quot;px&quot;,&quot;size&quot;:0,&quot;sizes&quot;:[]},&quot;_transform_rotateZ_effect_tablet&quot;:{&quot;unit&quot;:&quot;deg&quot;,&quot;size&quot;:&quot;&quot;,&quot;sizes&quot;:[]},&quot;_transform_rotateZ_effect_mobile&quot;:{&quot;unit&quot;:&quot;deg&quot;,&quot;size&quot;:&quot;&quot;,&quot;sizes&quot;:[]}}\" data-widget_type=\"heading.default\">\n\t\t\t\t<div class=\"elementor-widget-container\">\n\t\t\t\t\t<h2 class=\"elementor-heading-title elementor-size-default\">El\u00e4m\u00e4ni<br>Kennel<\/h2>\t\t\t\t<\/div>\n\t\t\t\t<\/div>\n\t\t\t\t<div class=\"elementor-element elementor-element-b9c4cc8 elementor-widget elementor-widget-text-editor\" data-id=\"b9c4cc8\" data-element_type=\"widget\" data-e-type=\"widget\" data-widget_type=\"text-editor.default\">\n\t\t\t\t<div class=\"elementor-widget-container\">\n\t\t\t\t\t\t\t\t\t<p>Pienimuotoista koirankasvatusta suurella syd\u00e4mmell\u00e4<\/p>\t\t\t\t\t\t\t\t<\/div>\n\t\t\t\t<\/div>\n\t\t\t\t<\/div>\n\t\t\t\t\t<\/div>\n\t\t\t\t<\/div>\n\t\t<div class=\"elementor-element elementor-element-43d2aca e-con-full e-flex e-con e-parent\" data-id=\"43d2aca\" data-element_type=\"container\" data-e-type=\"container\">\n\t\t\t\t<div class=\"elementor-element elementor-element-706de38 elementor-widget elementor-widget-image\" data-id=\"706de38\" data-element_type=\"widget\" data-e-type=\"widget\" data-widget_type=\"image.default\">\n\t\t\t\t<div class=\"elementor-widget-container\">\n\t\t\t\t\t\t\t\t\t\t\t\t\t\t\t\t<a href=\"https:\/\/spj.fi\/\">\n\t\t\t\t\t\t\t<img fetchpriority=\"high\" decoding=\"async\" width=\"519\" height=\"116\" src=\"https:\/\/elamanikennel.fi\/wp\/wp-content\/uploads\/2025\/06\/pystykorvaliitto.png\" class=\"attachment-large size-large wp-image-1683\" alt=\"\" srcset=\"https:\/\/elamanikennel.fi\/wp\/wp-content\/uploads\/2025\/06\/pystykorvaliitto.png 519w, https:\/\/elamanikennel.fi\/wp\/wp-content\/uploads\/2025\/06\/pystykorvaliitto-300x67.png 300w\" sizes=\"(max-width: 519px) 100vw, 519px\" \/>\t\t\t\t\t\t\t\t<\/a>\n\t\t\t\t\t\t\t\t\t\t\t\t\t\t\t<\/div>\n\t\t\t\t<\/div>\n\t\t\t\t<div class=\"elementor-element elementor-element-20451d2 elementor-widget elementor-widget-image\" data-id=\"20451d2\" data-element_type=\"widget\" data-e-type=\"widget\" data-widget_type=\"image.default\">\n\t\t\t\t<div class=\"elementor-widget-container\">\n\t\t\t\t\t\t\t\t\t\t\t\t\t\t\t\t<a href=\"https:\/\/www.sennenkoirat.net\/\">\n\t\t\t\t\t\t\t<img decoding=\"async\" width=\"260\" height=\"397\" src=\"https:\/\/elamanikennel.fi\/wp\/wp-content\/uploads\/2025\/06\/sennenkoiraliitto.jpg\" class=\"attachment-large size-large wp-image-1685\" alt=\"\" srcset=\"https:\/\/elamanikennel.fi\/wp\/wp-content\/uploads\/2025\/06\/sennenkoiraliitto.jpg 260w, https:\/\/elamanikennel.fi\/wp\/wp-content\/uploads\/2025\/06\/sennenkoiraliitto-196x300.jpg 196w\" sizes=\"(max-width: 260px) 100vw, 260px\" \/>\t\t\t\t\t\t\t\t<\/a>\n\t\t\t\t\t\t\t\t\t\t\t\t\t\t\t<\/div>\n\t\t\t\t<\/div>\n\t\t\t\t<div class=\"elementor-element elementor-element-d18fb7d elementor-widget elementor-widget-image\" data-id=\"d18fb7d\" data-element_type=\"widget\" data-e-type=\"widget\" data-widget_type=\"image.default\">\n\t\t\t\t<div class=\"elementor-widget-container\">\n\t\t\t\t\t\t\t\t\t\t\t\t\t\t\t\t<a href=\"https:\/\/www.kennelliitto.fi\/\">\n\t\t\t\t\t\t\t<img decoding=\"async\" width=\"211\" height=\"210\" src=\"https:\/\/elamanikennel.fi\/wp\/wp-content\/uploads\/2025\/06\/kennelliitto.png\" class=\"attachment-large size-large wp-image-1684\" alt=\"\" srcset=\"https:\/\/elamanikennel.fi\/wp\/wp-content\/uploads\/2025\/06\/kennelliitto.png 211w, https:\/\/elamanikennel.fi\/wp\/wp-content\/uploads\/2025\/06\/kennelliitto-150x150.png 150w\" sizes=\"(max-width: 211px) 100vw, 211px\" \/>\t\t\t\t\t\t\t\t<\/a>\n\t\t\t\t\t\t\t\t\t\t\t\t\t\t\t<\/div>\n\t\t\t\t<\/div>\n\t\t\t\t<\/div>\n\t\t\t\t<\/div>\n\t\t","protected":false},"excerpt":{"rendered":"<p>El\u00e4m\u00e4niKennel Pienimuotoista koirankasvatusta suurella syd\u00e4mmell\u00e4<\/p>\n","protected":false},"author":1,"featured_media":0,"parent":0,"menu_order":0,"comment_status":"closed","ping_status":"closed","template":"","meta":{"site-sidebar-layout":"no-sidebar","site-content-layout":"page-builder","ast-site-content-layout":"full-width-container","site-content-style":"unboxed","site-sidebar-style":"unboxed","ast-global-header-display":"","ast-banner-title-visibility":"","ast-main-header-display":"","ast-hfb-above-header-display":"","ast-hfb-below-header-display":"","ast-hfb-mobile-header-display":"","site-post-title":"disabled","ast-breadcrumbs-content":"","ast-featured-img":"disabled","footer-sml-layout":"","theme-transparent-header-meta":"enabled","adv-header-id-meta":"","stick-header-meta":"","header-above-stick-meta":"","header-main-stick-meta":"","header-below-stick-meta":"","astra-migrate-meta-layouts":"set","ast-page-background-enabled":"default","ast-page-background-meta":{"desktop":{"background-color":"var(--ast-global-color-4)","background-image":"","background-repeat":"repeat","background-position":"center center","background-size":"auto","background-attachment":"scroll","background-type":"","background-media":"","overlay-type":"","overlay-color":"","overlay-opacity":"","overlay-gradient":""},"tablet":{"background-color":"","background-image":"","background-repeat":"repeat","background-position":"center center","background-size":"auto","background-attachment":"scroll","background-type":"","background-media":"","overlay-type":"","overlay-color":"","overlay-opacity":"","overlay-gradient":""},"mobile":{"background-color":"","background-image":"","background-repeat":"repeat","background-position":"center center","background-size":"auto","background-attachment":"scroll","background-type":"","background-media":"","overlay-type":"","overlay-color":"","overlay-opacity":"","overlay-gradient":""}},"ast-content-background-meta":{"desktop":{"background-color":"var(--ast-global-color-5)","background-image":"","background-repeat":"repeat","background-position":"center center","background-size":"auto","background-attachment":"scroll","background-type":"","background-media":"","overlay-type":"","overlay-color":"","overlay-opacity":"","overlay-gradient":""},"tablet":{"background-color":"var(--ast-global-color-5)","background-image":"","background-repeat":"repeat","background-position":"center center","background-size":"auto","background-attachment":"scroll","background-type":"","background-media":"","overlay-type":"","overlay-color":"","overlay-opacity":"","overlay-gradient":""},"mobile":{"background-color":"var(--ast-global-color-5)","background-image":"","background-repeat":"repeat","background-position":"center center","background-size":"auto","background-attachment":"scroll","background-type":"","background-media":"","overlay-type":"","overlay-color":"","overlay-opacity":"","overlay-gradient":""}},"footnotes":""},"class_list":["post-1318","page","type-page","status-publish","hentry"],"_links":{"self":[{"href":"https:\/\/elamanikennel.fi\/wp\/wp-json\/wp\/v2\/pages\/1318","targetHints":{"allow":["GET"]}}],"collection":[{"href":"https:\/\/elamanikennel.fi\/wp\/wp-json\/wp\/v2\/pages"}],"about":[{"href":"https:\/\/elamanikennel.fi\/wp\/wp-json\/wp\/v2\/types\/page"}],"author":[{"embeddable":true,"href":"https:\/\/elamanikennel.fi\/wp\/wp-json\/wp\/v2\/users\/1"}],"replies":[{"embeddable":true,"href":"https:\/\/elamanikennel.fi\/wp\/wp-json\/wp\/v2\/comments?post=1318"}],"version-history":[{"count":29,"href":"https:\/\/elamanikennel.fi\/wp\/wp-json\/wp\/v2\/pages\/1318\/revisions"}],"predecessor-version":[{"id":2006,"href":"https:\/\/elamanikennel.fi\/wp\/wp-json\/wp\/v2\/pages\/1318\/revisions\/2006"}],"wp:attachment":[{"href":"https:\/\/elamanikennel.fi\/wp\/wp-json\/wp\/v2\/media?parent=1318"}],"curies":[{"name":"wp","href":"https:\/\/api.w.org\/{rel}","templated":true}]}}